{"id":9,"date":"2025-12-16T07:21:12","date_gmt":"2025-12-16T07:21:12","guid":{"rendered":"https:\/\/happybubbles.fi\/?page_id=9"},"modified":"2026-01-13T09:31:46","modified_gmt":"2026-01-13T09:31:46","slug":"happybubbles","status":"publish","type":"page","link":"https:\/\/happybubbles.fi\/","title":{"rendered":"Happybubbles"},"content":{"rendered":"\n<h2 class=\"wp-block-heading\">Kuplavohveleita pop-up-tyyliin Turun seudulla<\/h2>\n\n\n\n<p>Happybubbles tuo tuoreita kuplavohveleita sinne, miss\u00e4 kes\u00e4ll\u00e4 tapahtuu. Olemme liikkuva pop-up-kuplavohvelikioski, joka ilmestyy tapahtumiin ja kes\u00e4menoihin.<\/p>\n\n\n\n<p>Paistamme kuplavohvelit paikan p\u00e4\u00e4ll\u00e4 ja t\u00e4ytteet saat valita itse \u2013 makeaa, marjaista tai suklaista. Jokainen vohveli tehd\u00e4\u00e4n huolella, jotta lopputulos on herkullinen ja juuri sinun makuusi sopiva.<\/p>\n\n\n\n<p>Meille t\u00e4rkeint\u00e4 on hyv\u00e4 fiilis ja tyytyv\u00e4iset asiakkaat. Haluamme, ett\u00e4 Happybubblesilta l\u00e4hdet\u00e4\u00e4n hymy huulilla ja makea mieli mukana.<br>Tule herkuttelemaan, kun t\u00f6rm\u00e4\u00e4t meihin kes\u00e4n tapahtumissa \u2013 meit\u00e4 ei voi olla huomaamatta!<\/p>\n\n\n\n<p><strong>Seuraa meit\u00e4 somessa ja n\u00e4e, miss\u00e4 herkutellaan seuraavaksi!<\/strong><\/p>\n\n\n\n<div class=\"wp-block-columns is-layout-flex wp-container-core-columns-is-layout-28f84493 wp-block-columns-is-layout-flex\">\n<div class=\"wp-block-column is-layout-flow wp-block-column-is-layout-flow\">\n<figure class=\"wp-block-gallery has-nested-images columns-default is-cropped wp-block-gallery-1 is-layout-flex wp-block-gallery-is-layout-flex\">\n<figure class=\"wp-block-image size-large\"><img loading=\"lazy\" decoding=\"async\" width=\"480\" height=\"640\" data-id=\"68\" src=\"https:\/\/happybubbles.fi\/wp-content\/uploads\/2026\/01\/kolme-vohvelia-valmiina.jpg\" alt=\"\" class=\"wp-image-68\" srcset=\"https:\/\/happybubbles.fi\/wp-content\/uploads\/2026\/01\/kolme-vohvelia-valmiina.jpg 480w, https:\/\/happybubbles.fi\/wp-content\/uploads\/2026\/01\/kolme-vohvelia-valmiina-225x300.jpg 225w\" sizes=\"auto, (max-width: 480px) 100vw, 480px\" \/><\/figure>\n\n\n\n<figure class=\"wp-block-image size-large\"><img loading=\"lazy\" decoding=\"async\" width=\"480\" height=\"640\" data-id=\"67\" src=\"https:\/\/happybubbles.fi\/wp-content\/uploads\/2026\/01\/kaksi-vohvelia-kadessa.jpg\" alt=\"\" class=\"wp-image-67\" srcset=\"https:\/\/happybubbles.fi\/wp-content\/uploads\/2026\/01\/kaksi-vohvelia-kadessa.jpg 480w, https:\/\/happybubbles.fi\/wp-content\/uploads\/2026\/01\/kaksi-vohvelia-kadessa-225x300.jpg 225w\" sizes=\"auto, (max-width: 480px) 100vw, 480px\" \/><\/figure>\n<\/figure>\n<\/div>\n\n\n\n<div class=\"wp-block-column is-layout-flow wp-block-column-is-layout-flow\"><\/div>\n<\/div>\n\n\n\n<h2 class=\"wp-block-heading\">Suosikit<\/h2>\n\n\n\n<p>T\u00e4ss\u00e4 muutama asiakkaiden suosikki \u2013 tai kokoa oma kuplavohvelisi alusta asti.<\/p>\n\n\n\n<h3 class=\"wp-block-heading\"><strong>Suklainen herkku<\/strong><\/h3>\n\n\n\n<p>Tuore kuplavohveli, vaniljaj\u00e4\u00e4tel\u00f6\u00e4, kermavaahtoa, suklaata ja herkullista suklaakastiketta.<br>T\u00e4ydellinen valinta suklaan yst\u00e4ville.<\/p>\n\n\n\n<h3 class=\"wp-block-heading\"><strong>Mansikkainen unelma<\/strong><\/h3>\n\n\n\n<p>Raikas ja makea yhdistelm\u00e4: mansikkaa, vaniljaj\u00e4\u00e4tel\u00f6\u00e4, kermavaahtoa, suklaata ja kinuskikastiketta.<br>Kes\u00e4n klassikko.<\/p>\n\n\n\n<h3 class=\"wp-block-heading\"><strong>Vadelmahippu<\/strong><\/h3>\n\n\n\n<p>Kuplavohveli, vadelmaa, valkosuklaata, kinuskikastiketta ja kermavaahtoa.<br>Sopivasti makeaa ja hieman raikasta.<\/p>\n\n\n\n<h3 class=\"wp-block-heading\"><strong>Omavalintainen kuplavohveli<\/strong><\/h3>\n\n\n\n<p>Kaikki kuplavohvelimme tehd\u00e4\u00e4n vaniljaj\u00e4\u00e4tel\u00f6st\u00e4 ja valittavista t\u00e4ytteist\u00e4 \u2013 juuri sinun makusi mukaan.<\/p>\n\n\n\n<h3 class=\"wp-block-heading\">T\u00e4ytteet<\/h3>\n\n\n\n<p>Kuplavohveli t\u00e4ytet\u00e4\u00e4n valitsemillasi t\u00e4ytteill\u00e4 \u2013 voit valita mukaan vaniljaj\u00e4\u00e4tel\u00f6\u00e4, kastikkeita ja muita herkkuja juuri oman makusi mukaan.<\/p>\n\n\n\n<div class=\"wp-block-group is-vertical is-layout-flex wp-container-core-group-is-layout-fe9cc265 wp-block-group-is-layout-flex\">\n<p><strong>T\u00e4ytevaihtoehdot:<\/strong><br>Kermavaahto<br>Mansikka<br>Mustikka<br>Vadelma<br>Suklaa<br>Valkosuklaa<\/p>\n\n\n\n<p class=\"has-text-align-left\"><strong>Kastikkeet:<\/strong><br>Suklaakastike<br>Kinuskikastike<br>Mansikkakastike<\/p>\n\n\n\n<div class=\"wp-block-columns is-layout-flex wp-container-core-columns-is-layout-28f84493 wp-block-columns-is-layout-flex\">\n<div class=\"wp-block-column is-layout-flow wp-block-column-is-layout-flow\">\n<figure class=\"wp-block-gallery has-nested-images columns-default is-cropped wp-block-gallery-2 is-layout-flex wp-block-gallery-is-layout-flex\">\n<figure class=\"wp-block-image size-large\"><img loading=\"lazy\" decoding=\"async\" width=\"480\" height=\"640\" data-id=\"69\" src=\"https:\/\/happybubbles.fi\/wp-content\/uploads\/2026\/01\/Vohveliraudat.jpg\" alt=\"\" class=\"wp-image-69\" srcset=\"https:\/\/happybubbles.fi\/wp-content\/uploads\/2026\/01\/Vohveliraudat.jpg 480w, https:\/\/happybubbles.fi\/wp-content\/uploads\/2026\/01\/Vohveliraudat-225x300.jpg 225w\" sizes=\"auto, (max-width: 480px) 100vw, 480px\" \/><\/figure>\n<\/figure>\n<\/div>\n\n\n\n<div class=\"wp-block-column is-layout-flow wp-block-column-is-layout-flow\"><\/div>\n\n\n\n<div class=\"wp-block-column is-layout-flow wp-block-column-is-layout-flow\"><\/div>\n<\/div>\n<\/div>\n\n\n\n<h2 class=\"wp-block-heading\">Meist\u00e4<\/h2>\n\n\n\n<p>Happybubbles sai alkunsa 9. luokan vapaavalintaiselta yritt\u00e4j\u00e4kurssilta. Kurssin tavoitteena oli perustaa oma yritys ja osallistua yritt\u00e4jyyskilpailuun. Toinen meist\u00e4 osallistui kurssille ja pyysi mukaan kaverinsa \u2013 ja siit\u00e4 koko ajatus Happybubblesista l\u00e4hti liikkeelle.<\/p>\n\n\n\n<p>Kun yritys perustettiin, ajatus kirkastui nopeasti: t\u00e4st\u00e4 voisi synty\u00e4 mukava kes\u00e4ty\u00f6. Nuorille, 15\u201316-vuotiaille, kes\u00e4t\u00f6iden l\u00f6yt\u00e4minen ei ole aina helppoa ja oman yrityksen kautta saimme mahdollisuuden tehd\u00e4 ty\u00f6t\u00e4 omilla ehdoillamme \u2013 itse p\u00e4\u00e4tt\u00e4\u00e4, miss\u00e4 ja milloin myymme.<\/p>\n\n\n\n<p>My\u00f6s vanhemmat innostuivat ideasta, ja yhdess\u00e4 hankittiin Ape-koppimopo. Isien avustuksella suunniteltiin ja rakennettiin siihen kuplavohvelikioski rautoineen ja kylm\u00e4s\u00e4ilytyksineen. Siit\u00e4 koko Happybubblesin tarina oikeastaan alkoi.<\/p>\n\n\n\n<p>Nyt olemme valmiita testaamaan ideaa k\u00e4yt\u00e4nn\u00f6ss\u00e4 ensimm\u00e4isen kes\u00e4n ajan. Happybubbles on meille oppimista, rohkeutta kokeilla uutta ja ennen kaikkea iloa herkuista ja kohtaamisista \u2013 ja toivomme, ett\u00e4 se v\u00e4littyy my\u00f6s asiakkaille.<\/p>\n\n\n\n<h2 class=\"wp-block-heading has-text-align-center\">Seuraa meit\u00e4 somessa!<\/h2>\n\n\n\n<p class=\"has-text-align-center\">Julkaisemme ajankohtaiset pop-upit ja aikataulut somessa!<\/p>\n\n\n\n<p class=\"has-text-align-center\"><strong>N\u00e4hd\u00e4\u00e4n kes\u00e4n tapahtumissa!<\/strong><\/p>\n\n\n\n<ul class=\"wp-block-social-links aligncenter is-layout-flex wp-block-social-links-is-layout-flex\"><li class=\"wp-social-link wp-social-link-tiktok  wp-block-social-link\"><a href=\"https:\/\/www.tiktok.com\/@onnenkuplat\" class=\"wp-block-social-link-anchor\"><svg width=\"24\" height=\"24\" viewBox=\"0 0 32 32\" version=\"1.1\" xmlns=\"http:\/\/www.w3.org\/2000\/svg\" aria-hidden=\"true\" focusable=\"false\"><path d=\"M16.708 0.027c1.745-0.027 3.48-0.011 5.213-0.027 0.105 2.041 0.839 4.12 2.333 5.563 1.491 1.479 3.6 2.156 5.652 2.385v5.369c-1.923-0.063-3.855-0.463-5.6-1.291-0.76-0.344-1.468-0.787-2.161-1.24-0.009 3.896 0.016 7.787-0.025 11.667-0.104 1.864-0.719 3.719-1.803 5.255-1.744 2.557-4.771 4.224-7.88 4.276-1.907 0.109-3.812-0.411-5.437-1.369-2.693-1.588-4.588-4.495-4.864-7.615-0.032-0.667-0.043-1.333-0.016-1.984 0.24-2.537 1.495-4.964 3.443-6.615 2.208-1.923 5.301-2.839 8.197-2.297 0.027 1.975-0.052 3.948-0.052 5.923-1.323-0.428-2.869-0.308-4.025 0.495-0.844 0.547-1.485 1.385-1.819 2.333-0.276 0.676-0.197 1.427-0.181 2.145 0.317 2.188 2.421 4.027 4.667 3.828 1.489-0.016 2.916-0.88 3.692-2.145 0.251-0.443 0.532-0.896 0.547-1.417 0.131-2.385 0.079-4.76 0.095-7.145 0.011-5.375-0.016-10.735 0.025-16.093z\" \/><\/svg><span class=\"wp-block-social-link-label screen-reader-text\">TikTok<\/span><\/a><\/li>\n\n<li class=\"wp-social-link wp-social-link-instagram  wp-block-social-link\"><a href=\"https:\/\/www.instagram.com\/onnenkuplat\/\" class=\"wp-block-social-link-anchor\"><svg width=\"24\" height=\"24\" viewBox=\"0 0 24 24\" version=\"1.1\" xmlns=\"http:\/\/www.w3.org\/2000\/svg\" aria-hidden=\"true\" focusable=\"false\"><path d=\"M12,4.622c2.403,0,2.688,0.009,3.637,0.052c0.877,0.04,1.354,0.187,1.671,0.31c0.42,0.163,0.72,0.358,1.035,0.673 c0.315,0.315,0.51,0.615,0.673,1.035c0.123,0.317,0.27,0.794,0.31,1.671c0.043,0.949,0.052,1.234,0.052,3.637 s-0.009,2.688-0.052,3.637c-0.04,0.877-0.187,1.354-0.31,1.671c-0.163,0.42-0.358,0.72-0.673,1.035 c-0.315,0.315-0.615,0.51-1.035,0.673c-0.317,0.123-0.794,0.27-1.671,0.31c-0.949,0.043-1.233,0.052-3.637,0.052 s-2.688-0.009-3.637-0.052c-0.877-0.04-1.354-0.187-1.671-0.31c-0.42-0.163-0.72-0.358-1.035-0.673 c-0.315-0.315-0.51-0.615-0.673-1.035c-0.123-0.317-0.27-0.794-0.31-1.671C4.631,14.688,4.622,14.403,4.622,12 s0.009-2.688,0.052-3.637c0.04-0.877,0.187-1.354,0.31-1.671c0.163-0.42,0.358-0.72,0.673-1.035 c0.315-0.315,0.615-0.51,1.035-0.673c0.317-0.123,0.794-0.27,1.671-0.31C9.312,4.631,9.597,4.622,12,4.622 M12,3 C9.556,3,9.249,3.01,8.289,3.054C7.331,3.098,6.677,3.25,6.105,3.472C5.513,3.702,5.011,4.01,4.511,4.511 c-0.5,0.5-0.808,1.002-1.038,1.594C3.25,6.677,3.098,7.331,3.054,8.289C3.01,9.249,3,9.556,3,12c0,2.444,0.01,2.751,0.054,3.711 c0.044,0.958,0.196,1.612,0.418,2.185c0.23,0.592,0.538,1.094,1.038,1.594c0.5,0.5,1.002,0.808,1.594,1.038 c0.572,0.222,1.227,0.375,2.185,0.418C9.249,20.99,9.556,21,12,21s2.751-0.01,3.711-0.054c0.958-0.044,1.612-0.196,2.185-0.418 c0.592-0.23,1.094-0.538,1.594-1.038c0.5-0.5,0.808-1.002,1.038-1.594c0.222-0.572,0.375-1.227,0.418-2.185 C20.99,14.751,21,14.444,21,12s-0.01-2.751-0.054-3.711c-0.044-0.958-0.196-1.612-0.418-2.185c-0.23-0.592-0.538-1.094-1.038-1.594 c-0.5-0.5-1.002-0.808-1.594-1.038c-0.572-0.222-1.227-0.375-2.185-0.418C14.751,3.01,14.444,3,12,3L12,3z M12,7.378 c-2.552,0-4.622,2.069-4.622,4.622S9.448,16.622,12,16.622s4.622-2.069,4.622-4.622S14.552,7.378,12,7.378z M12,15 c-1.657,0-3-1.343-3-3s1.343-3,3-3s3,1.343,3,3S13.657,15,12,15z M16.804,6.116c-0.596,0-1.08,0.484-1.08,1.08 s0.484,1.08,1.08,1.08c0.596,0,1.08-0.484,1.08-1.08S17.401,6.116,16.804,6.116z\"><\/path><\/svg><span class=\"wp-block-social-link-label screen-reader-text\">Instagram<\/span><\/a><\/li>\n\n<li class=\"wp-social-link wp-social-link-mail  wp-block-social-link\"><a href=\"https:\/\/mail.google.com\/mail\/u\/4\/#inbox\" class=\"wp-block-social-link-anchor\"><svg width=\"24\" height=\"24\" viewBox=\"0 0 24 24\" version=\"1.1\" xmlns=\"http:\/\/www.w3.org\/2000\/svg\" aria-hidden=\"true\" focusable=\"false\"><path d=\"M19,5H5c-1.1,0-2,.9-2,2v10c0,1.1.9,2,2,2h14c1.1,0,2-.9,2-2V7c0-1.1-.9-2-2-2zm.5,12c0,.3-.2.5-.5.5H5c-.3,0-.5-.2-.5-.5V9.8l7.5,5.6,7.5-5.6V17zm0-9.1L12,13.6,4.5,7.9V7c0-.3.2-.5.5-.5h14c.3,0,.5.2.5.5v.9z\"><\/path><\/svg><span class=\"wp-block-social-link-label screen-reader-text\">S\u00e4hk\u00f6posti<\/span><\/a><\/li><\/ul>\n\n\n\n<p class=\"has-text-align-center\"><\/p>\n\n\n\n<p><\/p>\n","protected":false},"excerpt":{"rendered":"<p>Kuplavohveleita pop-up-tyyliin Turun seudulla Happybubbles tuo tuoreita kuplavohveleita sinne, miss\u00e4 kes\u00e4ll\u00e4 tapahtuu. Olemme liikkuva pop-up-kuplavohvelikioski, joka ilmestyy tapahtumiin ja kes\u00e4menoihin. [&hellip;]<\/p>\n","protected":false},"author":1,"featured_media":0,"parent":0,"menu_order":0,"comment_status":"closed","ping_status":"closed","template":"","meta":{"site-sidebar-layout":"no-sidebar","site-content-layout":"","ast-site-content-layout":"normal-width-container","site-content-style":"default","site-sidebar-style":"default","ast-global-header-display":"","ast-banner-title-visibility":"","ast-main-header-display":"","ast-hfb-above-header-display":"","ast-hfb-below-header-display":"","ast-hfb-mobile-header-display":"","site-post-title":"disabled","ast-breadcrumbs-content":"","ast-featured-img":"","footer-sml-layout":"","ast-disable-related-posts":"","theme-transparent-header-meta":"","adv-header-id-meta":"","stick-header-meta":"","header-above-stick-meta":"","header-main-stick-meta":"","header-below-stick-meta":"","astra-migrate-meta-layouts":"default","ast-page-background-enabled":"default","ast-page-background-meta":{"desktop":{"background-color":"var(--ast-global-color-5)","background-image":"","background-repeat":"repeat","background-position":"center center","background-size":"auto","background-attachment":"scroll","background-type":"","background-media":"","overlay-type":"","overlay-color":"","overlay-opacity":"","overlay-gradient":""},"tablet":{"background-color":"","background-image":"","background-repeat":"repeat","background-position":"center center","background-size":"auto","background-attachment":"scroll","background-type":"","background-media":"","overlay-type":"","overlay-color":"","overlay-opacity":"","overlay-gradient":""},"mobile":{"background-color":"","background-image":"","background-repeat":"repeat","background-position":"center center","background-size":"auto","background-attachment":"scroll","background-type":"","background-media":"","overlay-type":"","overlay-color":"","overlay-opacity":"","overlay-gradient":""}},"ast-content-background-meta":{"desktop":{"background-color":"var(--ast-global-color-4)","background-image":"","background-repeat":"repeat","background-position":"center center","background-size":"auto","background-attachment":"scroll","background-type":"","background-media":"","overlay-type":"","overlay-color":"","overlay-opacity":"","overlay-gradient":""},"tablet":{"background-color":"var(--ast-global-color-4)","background-image":"","background-repeat":"repeat","background-position":"center center","background-size":"auto","background-attachment":"scroll","background-type":"","background-media":"","overlay-type":"","overlay-color":"","overlay-opacity":"","overlay-gradient":""},"mobile":{"background-color":"var(--ast-global-color-4)","background-image":"","background-repeat":"repeat","background-position":"center center","background-size":"auto","background-attachment":"scroll","background-type":"","background-media":"","overlay-type":"","overlay-color":"","overlay-opacity":"","overlay-gradient":""}},"footnotes":""},"class_list":["post-9","page","type-page","status-publish","hentry"],"_links":{"self":[{"href":"https:\/\/happybubbles.fi\/index.php?rest_route=\/wp\/v2\/pages\/9","targetHints":{"allow":["GET"]}}],"collection":[{"href":"https:\/\/happybubbles.fi\/index.php?rest_route=\/wp\/v2\/pages"}],"about":[{"href":"https:\/\/happybubbles.fi\/index.php?rest_route=\/wp\/v2\/types\/page"}],"author":[{"embeddable":true,"href":"https:\/\/happybubbles.fi\/index.php?rest_route=\/wp\/v2\/users\/1"}],"replies":[{"embeddable":true,"href":"https:\/\/happybubbles.fi\/index.php?rest_route=%2Fwp%2Fv2%2Fcomments&post=9"}],"version-history":[{"count":24,"href":"https:\/\/happybubbles.fi\/index.php?rest_route=\/wp\/v2\/pages\/9\/revisions"}],"predecessor-version":[{"id":80,"href":"https:\/\/happybubbles.fi\/index.php?rest_route=\/wp\/v2\/pages\/9\/revisions\/80"}],"wp:attachment":[{"href":"https:\/\/happybubbles.fi\/index.php?rest_route=%2Fwp%2Fv2%2Fmedia&parent=9"}],"curies":[{"name":"wp","href":"https:\/\/api.w.org\/{rel}","templated":true}]}}